{"id":26,"date":"2025-07-13T21:41:32","date_gmt":"2025-07-13T21:41:32","guid":{"rendered":"https:\/\/mocpd.pl\/?page_id=26"},"modified":"2025-07-15T16:33:56","modified_gmt":"2025-07-15T16:33:56","slug":"strona-glowna","status":"publish","type":"page","link":"https:\/\/mocpd.pl\/","title":{"rendered":""},"content":{"rendered":"\n<p>Ju\u017c za kilka dni b\u0119d\u0105 mogli Pa\u0144stwo korzysta\u0107 z zupe\u0142nie nowego serwisu MOCPD.PL<\/p>\n\n\n\n<p>Za niedogodno\u015bci przepraszamy i do zobaczenia w kr\u00f3tce \ud83d\ude42<\/p>\n\n\n\n<p><\/p>\n","protected":false},"excerpt":{"rendered":"<p>Ju\u017c za kilka dni b\u0119d\u0105 mogli Pa\u0144stwo korzysta\u0107 z zupe\u0142nie nowego serwisu MOCPD.PL Za niedogodno\u015bci przepraszamy i do zobaczenia w kr\u00f3tce \ud83d\ude42<\/p>\n","protected":false},"author":1,"featured_media":0,"parent":0,"menu_order":0,"comment_status":"closed","ping_status":"closed","template":"","meta":{"footnotes":""},"class_list":["post-26","page","type-page","status-publish","hentry"],"_links":{"self":[{"href":"https:\/\/mocpd.pl\/index.php\/wp-json\/wp\/v2\/pages\/26","targetHints":{"allow":["GET"]}}],"collection":[{"href":"https:\/\/mocpd.pl\/index.php\/wp-json\/wp\/v2\/pages"}],"about":[{"href":"https:\/\/mocpd.pl\/index.php\/wp-json\/wp\/v2\/types\/page"}],"author":[{"embeddable":true,"href":"https:\/\/mocpd.pl\/index.php\/wp-json\/wp\/v2\/users\/1"}],"replies":[{"embeddable":true,"href":"https:\/\/mocpd.pl\/index.php\/wp-json\/wp\/v2\/comments?post=26"}],"version-history":[{"count":3,"href":"https:\/\/mocpd.pl\/index.php\/wp-json\/wp\/v2\/pages\/26\/revisions"}],"predecessor-version":[{"id":70,"href":"https:\/\/mocpd.pl\/index.php\/wp-json\/wp\/v2\/pages\/26\/revisions\/70"}],"wp:attachment":[{"href":"https:\/\/mocpd.pl\/index.php\/wp-json\/wp\/v2\/media?parent=26"}],"curies":[{"name":"wp","href":"https:\/\/api.w.org\/{rel}","templated":true}]}}